{"id":548,"date":"2025-11-03T11:45:45","date_gmt":"2025-11-03T11:45:45","guid":{"rendered":"https:\/\/unitygospelprod.fr\/?page_id=548"},"modified":"2025-11-03T12:01:36","modified_gmt":"2025-11-03T12:01:36","slug":"accueil","status":"publish","type":"page","link":"https:\/\/unitygospelprod.fr\/?page_id=548","title":{"rendered":"Accueil"},"content":{"rendered":"\n<blockquote class=\"wp-block-quote is-layout-flow wp-block-quote-is-layout-flow\">\n<p>Bienvenue sur Unity Gospel Prod \u2014 une structure de production et d\u2019\u00e9v\u00e9nementiel musical qui \u00e9l\u00e8ve, inspire et connecte les talents. D\u00e9couvrez nos projets, nos artistes et nos \u00e9v\u00e9nements \u00e0 venir.<\/p>\n<\/blockquote>\n","protected":false},"excerpt":{"rendered":"<p>Bienvenue sur Unity Gospel Prod \u2014 une structure de production et d\u2019\u00e9v\u00e9nementiel musical qui \u00e9l\u00e8ve, inspire et connecte les talents. D\u00e9couvrez nos projets, nos artistes et nos \u00e9v\u00e9nements \u00e0 venir.<\/p>\n","protected":false},"author":1,"featured_media":552,"parent":0,"menu_order":0,"comment_status":"closed","ping_status":"closed","template":"","meta":{"footnotes":""},"class_list":["post-548","page","type-page","status-publish","has-post-thumbnail","hentry"],"_links":{"self":[{"href":"https:\/\/unitygospelprod.fr\/index.php?rest_route=\/wp\/v2\/pages\/548","targetHints":{"allow":["GET"]}}],"collection":[{"href":"https:\/\/unitygospelprod.fr\/index.php?rest_route=\/wp\/v2\/pages"}],"about":[{"href":"https:\/\/unitygospelprod.fr\/index.php?rest_route=\/wp\/v2\/types\/page"}],"author":[{"embeddable":true,"href":"https:\/\/unitygospelprod.fr\/index.php?rest_route=\/wp\/v2\/users\/1"}],"replies":[{"embeddable":true,"href":"https:\/\/unitygospelprod.fr\/index.php?rest_route=%2Fwp%2Fv2%2Fcomments&post=548"}],"version-history":[{"count":2,"href":"https:\/\/unitygospelprod.fr\/index.php?rest_route=\/wp\/v2\/pages\/548\/revisions"}],"predecessor-version":[{"id":553,"href":"https:\/\/unitygospelprod.fr\/index.php?rest_route=\/wp\/v2\/pages\/548\/revisions\/553"}],"wp:featuredmedia":[{"embeddable":true,"href":"https:\/\/unitygospelprod.fr\/index.php?rest_route=\/wp\/v2\/media\/552"}],"wp:attachment":[{"href":"https:\/\/unitygospelprod.fr\/index.php?rest_route=%2Fwp%2Fv2%2Fmedia&parent=548"}],"curies":[{"name":"wp","href":"https:\/\/api.w.org\/{rel}","templated":true}]}}